{"id":205,"date":"2024-09-15T14:26:21","date_gmt":"2024-09-15T14:26:21","guid":{"rendered":"https:\/\/karadagbinbirkilise.com\/?page_id=205"},"modified":"2024-09-15T16:03:54","modified_gmt":"2024-09-15T16:03:54","slug":"2023-yili-ekibi","status":"publish","type":"page","link":"https:\/\/karadagbinbirkilise.com\/?page_id=205","title":{"rendered":"2023 YILI EK\u0130B\u0130"},"content":{"rendered":"\r\n<div class=\"wp-block-cover alignfull is-light\"><span aria-hidden=\"true\" class=\"wp-block-cover__background has-background-color-background-color has-background-dim-100 has-background-dim\"><\/span>\r\n<div class=\"wp-block-cover__inner-container is-layout-flow wp-block-cover-is-layout-flow\">\r\n<div class=\"wp-block-group is-content-justification-left\" style=\"border-radius: 5px;\"><div class=\"wp-block-group__inner-container is-layout-constrained wp-container-core-group-is-layout-1 wp-block-group-is-layout-constrained\"><div class=\"wp-block-image\">\r\n<figure class=\"aligncenter\"><img decoding=\"async\" src=\"https:\/\/karadagbinbirkilise.com\/wp-content\/uploads\/2023\/12\/I%CC%87lker-Mete-Mimirog%CC%86lu-225x300.jpg\" alt=\"\" title=\"\u0130lker Mete M\u0130M\u0130RO\u011eLU\" \/><\/figure><\/div>\r\n\r\n\r\n<h4 class=\"wp-block-heading has-text-align-center\">\u0130lker Mete M\u0130M\u0130RO\u011eLU<\/h4>\r\n\r\n\r\n\r\n<h6 class=\"wp-block-heading has-text-align-center\">DO\u00c7. DR.<\/h6>\r\n<h6 class=\"wp-block-heading has-text-align-center\">(NE\u00dc)<\/h6>\r\n<img loading=\"lazy\" decoding=\"async\" src=\"https:\/\/karadagbinbirkilise.com\/wp-content\/uploads\/2023\/12\/Bilal-Aynur-300x300.jpg\" alt=\"\" width=\"225\" height=\"225\" class=\"alignnone  wp-image-80 aligncenter\" srcset=\"https:\/\/karadagbinbirkilise.com\/wp-content\/uploads\/2023\/12\/Bilal-Aynur-300x300.jpg 300w, https:\/\/karadagbinbirkilise.com\/wp-content\/uploads\/2023\/12\/Bilal-Aynur-1024x1024.jpg 1024w, https:\/\/karadagbinbirkilise.com\/wp-content\/uploads\/2023\/12\/Bilal-Aynur-150x150.jpg 150w, https:\/\/karadagbinbirkilise.com\/wp-content\/uploads\/2023\/12\/Bilal-Aynur-768x767.jpg 768w, https:\/\/karadagbinbirkilise.com\/wp-content\/uploads\/2023\/12\/Bilal-Aynur.jpg 1080w\" sizes=\"(max-width: 225px) 100vw, 225px\" \/>\r\n<h4 style=\"text-align: center;\">Bilal AYNUR<\/h4>\r\n<h6 style=\"text-align: center;\">Bakanl\u0131k Temsilcisi<\/h6>\r\n<h6 style=\"text-align: center;\">(Afyonkarahisar Arkeoloji M\u00fczesi)<\/h6>\r\n<figure class=\"wp-block-image aligncenter\"><img decoding=\"async\" src=\"https:\/\/karadagbinbirkilise.com\/wp-content\/uploads\/2023\/12\/Esra-Yaldiz-300x289.jpg\" alt=\"\" title=\"Esra YALDIZ\" \/><\/figure>\r\n\r\n\r\n\r\n<h4 class=\"wp-block-heading has-text-align-center\">Esra YALDIZ<\/h4>\r\n<h6 class=\"wp-block-heading has-text-align-center\" style=\"text-align: center;\">PROF. DR.<\/h6>\r\n<p style=\"text-align: center;\">(NE\u00dc)<\/p>\r\n\r\n\r\n\r\n\r\n\r\n\r\n\r\n\r\n<div class=\"wp-block-image\">\r\n<figure class=\"aligncenter\"><img decoding=\"async\" src=\"https:\/\/karadagbinbirkilise.com\/wp-content\/uploads\/2023\/12\/Mustafa-Hamdi-Sayar-225x300.jpg\" alt=\"\" title=\" Mustafa Hamdi SAYAR \" \/><\/figure><\/div>\r\n\r\n\r\n<h4 class=\"wp-block-heading has-text-align-center\">Mustafa Hamdi SAYAR<\/h4>\r\n\r\n\r\n\r\n<h6 class=\"wp-block-heading has-text-align-center\">PROF. DR.<\/h6>\r\n\r\n\r\n\r\n<p class=\"has-text-align-center\">(\u0130\u00dc)<\/p>\r\n\r\n\r\n\r\n\r\n<div class=\"wp-block-image\">\r\n<figure class=\"aligncenter\"><img decoding=\"async\" src=\"https:\/\/karadagbinbirkilise.com\/wp-content\/uploads\/2023\/12\/Cahit-Karako%CC%88k-236x300.jpg\" alt=\"\" title=\" Cahit KARAK\u00d6K \" \/><\/figure><\/div>\r\n\r\n\r\n<h4 class=\"wp-block-heading has-text-align-center\">Cahit KARAK\u00d6K<\/h4>\r\n\r\n\r\n\r\n<h6 class=\"wp-block-heading has-text-align-center\">DR. \u00d6\u011eR. \u00dcYES\u0130<\/h6>\r\n\r\n\r\n\r\n<p class=\"has-text-align-center\">(NE\u00dc)<\/p>\r\n\r\n\r\n<div class=\"wp-block-image\">\r\n<figure class=\"aligncenter\"><img decoding=\"async\" src=\"https:\/\/karadagbinbirkilise.com\/wp-content\/uploads\/2023\/12\/Tuba-Bu%CC%88lbu%CC%88l-Bahtiyar-300x202.jpg\" alt=\"\" title=\" Tuba B\u00dcLB\u00dcL BAHT\u0130YAR \" \/><\/figure><\/div>\r\n\r\n\r\n<h4 class=\"wp-block-heading has-text-align-center\">Tuba B\u00dcLB\u00dcL BAHT\u0130YAR<\/h4>\r\n\r\n\r\n\r\n<h6 class=\"wp-block-heading has-text-align-center\">DR.<\/h6>\r\n\r\n\r\n\r\n<p class=\"has-text-align-center\">(NE\u00dc)<\/p>\r\n\r\n\r\n\r\n\r\n<div class=\"wp-block-image\">\r\n<figure class=\"aligncenter\"><img decoding=\"async\" src=\"https:\/\/karadagbinbirkilise.com\/wp-content\/uploads\/2023\/12\/Murat-Gaymaz-300x300.jpg\" alt=\"\" title=\"Murat GAYMAZ \" \/><\/figure><\/div>\r\n\r\n\r\n<h4 class=\"wp-block-heading has-text-align-center\">Murat GAYMAZ<\/h4>\r\n\r\n\r\n\r\n<h6 class=\"wp-block-heading has-text-align-center\">SANAT TAR\u0130H\u0130 Y\u00dcKSEK L\u0130SANS \u00d6\u011eRENC\u0130S\u0130<\/h6>\r\n\r\n\r\n\r\n<p class=\"has-text-align-center\">(NE\u00dc)<\/p>\r\n\r\n\r\n<div class=\"wp-block-image\">\r\n<figure class=\"aligncenter\"><img decoding=\"async\" src=\"https:\/\/karadagbinbirkilise.com\/wp-content\/uploads\/2023\/12\/Ali-Yalvac%CC%A7-300x252.jpg\" alt=\"Ali YALVA\u00c7 \" title=\"Ali YALVA\u00c7 \" \/><\/figure><\/div>\r\n\r\n\r\n<h4 class=\"wp-block-heading has-text-align-center\">Ali YALVA\u00c7<\/h4>\r\n\r\n\r\n\r\n<h6 class=\"wp-block-heading has-text-align-center\">SANAT TAR\u0130H\u0130 Y\u00dcKSEK L\u0130SANS \u00d6\u011eRENC\u0130S\u0130<\/h6>\r\n\r\n\r\n\r\n<p class=\"has-text-align-center\">(NE\u00dc)<\/p>\r\n\r\n\r\n<div class=\"wp-block-image\">\r\n<figure class=\"aligncenter\"><img decoding=\"async\" src=\"https:\/\/karadagbinbirkilise.com\/wp-content\/uploads\/2023\/12\/Ceren-Pinar-290x300.jpg\" alt=\"\" title=\"Ceren PINAR \" \/><\/figure><\/div>\r\n\r\n\r\n<h4 class=\"wp-block-heading has-text-align-center\">Ceren PINAR<\/h4>\r\n\r\n\r\n\r\n<h6 class=\"wp-block-heading has-text-align-center\">SANAT TAR\u0130H\u0130 Y\u00dcKSEK L\u0130SANS \u00d6\u011eRENC\u0130S\u0130<\/h6>\r\n\r\n\r\n\r\n<p class=\"has-text-align-center\">(NE\u00dc)<\/p>\r\n\r\n\r\n<div class=\"wp-block-image\">\r\n<figure class=\"aligncenter\"><img decoding=\"async\" src=\"https:\/\/karadagbinbirkilise.com\/wp-content\/uploads\/2023\/12\/Emre-Karaslan-300x278.jpg\" alt=\"\" title=\"Emre KARASLAN \" \/><\/figure><\/div>\r\n\r\n\r\n<h4 class=\"wp-block-heading has-text-align-center\">Emre KARASLAN<\/h4>\r\n\r\n\r\n\r\n<h6 class=\"wp-block-heading has-text-align-center\">SANAT TAR\u0130H\u0130 Y\u00dcKSEK L\u0130SANS \u00d6\u011eRENC\u0130S\u0130<\/h6>\r\n\r\n\r\n\r\n<p class=\"has-text-align-center\">(NE\u00dc)<\/p>\r\n\r\n\r\n<div class=\"wp-block-image\">\r\n<figure class=\"aligncenter\"><img decoding=\"async\" src=\"https:\/\/karadagbinbirkilise.com\/wp-content\/uploads\/2023\/12\/Hediye-Uyanik-221x300.jpg\" alt=\"\" title=\"Hediye UYANIK \" \/><\/figure><\/div>\r\n\r\n\r\n<h4 class=\"wp-block-heading has-text-align-center\">Hediye UYANIK<\/h4>\r\n\r\n\r\n\r\n<h6 class=\"wp-block-heading has-text-align-center\">SANAT TAR\u0130H\u0130 \u00d6\u011eRENC\u0130S\u0130<\/h6>\r\n\r\n\r\n\r\n<p class=\"has-text-align-center\">(NE\u00dc)<\/p>\r\n\r\n\r\n<div class=\"wp-block-image\">\r\n<figure class=\"aligncenter\"><img decoding=\"async\" src=\"https:\/\/karadagbinbirkilise.com\/wp-content\/uploads\/2023\/12\/Muhammet-Enes-Akpinar-241x300.jpg\" alt=\"\" title=\"Muhammet Enes AKPINAR \" \/><\/figure><\/div>\r\n\r\n\r\n<h4 class=\"wp-block-heading has-text-align-center\">Muhammet Enes AKPINAR<\/h4>\r\n\r\n\r\n\r\n<h6 class=\"wp-block-heading has-text-align-center\">SANAT TAR\u0130H\u0130 \u00d6\u011eRENC\u0130S\u0130<\/h6>\r\n\r\n\r\n\r\n<p class=\"has-text-align-center\">(NE\u00dc)<\/p>\r\n\r\n\r\n<div class=\"wp-block-image\">\r\n<figure class=\"aligncenter\"><img decoding=\"async\" src=\"https:\/\/karadagbinbirkilise.com\/wp-content\/uploads\/2023\/12\/Yusuf-Enes-Belen-300x225.jpg\" alt=\"\" title=\"Yusuf Enes BELEN \" \/><\/figure><\/div>\r\n\r\n\r\n<h4 class=\"wp-block-heading has-text-align-center\">Yusuf Enes BELEN<\/h4>\r\n\r\n\r\n\r\n<h6 class=\"wp-block-heading has-text-align-center\">SANAT TAR\u0130H\u0130 \u00d6\u011eRENC\u0130S\u0130<\/h6>\r\n\r\n\r\n\r\n<p class=\"has-text-align-center\">(NE\u00dc)<\/p>\r\n\r\n\r\n<div class=\"wp-block-image\">\r\n<figure class=\"aligncenter\"><img decoding=\"async\" src=\"https:\/\/karadagbinbirkilise.com\/wp-content\/uploads\/2023\/12\/I%CC%87dris-Kilic%CC%A7-225x300.jpg\" alt=\"\" title=\"\u0130dris KILI\u00c7 \" \/><\/figure><\/div>\r\n\r\n\r\n<h4 class=\"wp-block-heading has-text-align-center\">\u0130dris KILI\u00c7<\/h4>\r\n\r\n\r\n\r\n<h6 class=\"wp-block-heading has-text-align-center\">SANAT TAR\u0130H\u0130 \u00d6\u011eRENC\u0130S\u0130<\/h6>\r\n\r\n\r\n\r\n<p class=\"has-text-align-center\">(NE\u00dc)<\/p>\r\n\r\n\r\n<div class=\"wp-block-image\">\r\n<figure class=\"aligncenter\"><img decoding=\"async\" src=\"https:\/\/karadagbinbirkilise.com\/wp-content\/uploads\/2023\/12\/Mu%CC%88ge-O%CC%88ztu%CC%88rk-256x300.jpg\" alt=\"\" title=\"M\u00fcge \u00d6ZT\u00dcRK \" \/><\/figure><\/div>\r\n\r\n\r\n<h4 class=\"wp-block-heading has-text-align-center\">M\u00fcge \u00d6ZT\u00dcRK<\/h4>\r\n\r\n\r\n\r\n<h6 class=\"wp-block-heading has-text-align-center\">SANAT TAR\u0130H\u0130 \u00d6\u011eRENC\u0130S\u0130<\/h6>\r\n\r\n\r\n\r\n<p class=\"has-text-align-center\">(NE\u00dc)<\/p>\r\n\r\n\r\n<div class=\"wp-block-image\">\r\n<figure class=\"aligncenter\"><img decoding=\"async\" src=\"https:\/\/karadagbinbirkilise.com\/wp-content\/uploads\/2023\/12\/Emir-Kaan-Karaman-208x300.jpg\" alt=\"\" title=\"Emir Ka\u011fan KARAMAN \" \/><\/figure><\/div>\r\n\r\n\r\n<h4 class=\"wp-block-heading has-text-align-center\">Emir Ka\u011fan KARAMAN<\/h4>\r\n\r\n\r\n\r\n<h6 class=\"wp-block-heading has-text-align-center\">SANAT TAR\u0130H\u0130 \u00d6\u011eRENC\u0130S\u0130<\/h6>\r\n\r\n\r\n\r\n<p class=\"has-text-align-center\">(NE\u00dc)<\/p>\r\n\r\n\r\n<div class=\"wp-block-image\">\r\n<figure class=\"aligncenter\"><img decoding=\"async\" src=\"https:\/\/karadagbinbirkilise.com\/wp-content\/uploads\/2023\/12\/Nisa-Nur-Akgo%CC%88bek-225x300.jpg\" alt=\"\" title=\"Nisa Nur AKG\u00d6BEK\" \/><\/figure><\/div>\r\n\r\n\r\n<h4 class=\"wp-block-heading has-text-align-center\">Nisa Nur AKG\u00d6BEK<\/h4>\r\n\r\n\r\n\r\n<h6 class=\"wp-block-heading has-text-align-center\">M\u0130MAR<\/h6>\r\n\r\n\r\n\r\n<p class=\"has-text-align-center\">(NE\u00dc)<\/p>\r\n\r\n\r\n<div class=\"wp-block-image\">\r\n<figure class=\"aligncenter\"><img decoding=\"async\" src=\"https:\/\/karadagbinbirkilise.com\/wp-content\/uploads\/2023\/12\/Sultan-Beyza-O%CC%88zaktan-214x300.jpg\" alt=\"\" title=\"Sultan Beyza \u00d6ZAKTAN \" \/><\/figure><\/div>\r\n\r\n\r\n<h4 class=\"wp-block-heading has-text-align-center\">Sultan Beyza \u00d6ZAKTAN<\/h4>\r\n\r\n\r\n\r\n<h6 class=\"wp-block-heading has-text-align-center\">M\u0130MAR<\/h6>\r\n\r\n\r\n\r\n<p class=\"has-text-align-center\">(NE\u00dc)<\/p>\r\n\r\n\r\n<div class=\"wp-block-image\">\r\n<figure class=\"aligncenter\"><img decoding=\"async\" src=\"https:\/\/karadagbinbirkilise.com\/wp-content\/uploads\/2023\/12\/Gu%CC%88lsu%CC%88m-U%CC%88nal-300x282.jpg\" alt=\"\" title=\"G\u00fcls\u00fcm \u00dcNAL \" \/><\/figure><\/div>\r\n\r\n\r\n<h4 class=\"wp-block-heading has-text-align-center\">G\u00fcls\u00fcm \u00dcNAL<\/h4>\r\n\r\n\r\n\r\n<h6 class=\"wp-block-heading has-text-align-center\">M\u0130MAR<\/h6>\r\n\r\n\r\n\r\n<p class=\"has-text-align-center\">(NE\u00dc)<\/p>\r\n\r\n\r\n\r\n<div style=\"height: 40px;\" aria-hidden=\"true\" class=\"wp-block-spacer\"><\/div>\r\n<\/div><\/div>\r\n\r\n\r\n\r\n<div class=\"wp-block-group is-content-justification-center is-nowrap is-layout-flex wp-container-core-group-is-layout-4 wp-block-group-is-layout-flex\">\r\n<div class=\"wp-block-group is-vertical is-layout-flex wp-container-core-group-is-layout-2 wp-block-group-is-layout-flex\">\r\n<div style=\"height: 0px;\" aria-hidden=\"true\" class=\"wp-block-spacer wp-container-content-1\"><\/div>\r\n<\/div>\r\n\r\n\r\n\r\n<div class=\"wp-block-group is-vertical is-layout-flex wp-container-core-group-is-layout-3 wp-block-group-is-layout-flex\">\r\n<div style=\"height: 0px;\" aria-hidden=\"true\" class=\"wp-block-spacer wp-container-content-2\"><\/div>\r\n<\/div>\r\n<\/div>\r\n\r\n\r\n\r\n<div style=\"height: 64px;\" aria-hidden=\"true\" class=\"wp-block-spacer\"><\/div>\r\n<\/div>\r\n<\/div>\r\n\r\n\r\n","protected":false},"excerpt":{"rendered":"","protected":false},"author":1,"featured_media":0,"parent":12,"menu_order":0,"comment_status":"closed","ping_status":"closed","template":"","meta":{"footnotes":""},"class_list":["post-205","page","type-page","status-publish","hentry"],"jetpack_sharing_enabled":true,"_links":{"self":[{"href":"https:\/\/karadagbinbirkilise.com\/index.php?rest_route=\/wp\/v2\/pages\/205"}],"collection":[{"href":"https:\/\/karadagbinbirkilise.com\/index.php?rest_route=\/wp\/v2\/pages"}],"about":[{"href":"https:\/\/karadagbinbirkilise.com\/index.php?rest_route=\/wp\/v2\/types\/page"}],"author":[{"embeddable":true,"href":"https:\/\/karadagbinbirkilise.com\/index.php?rest_route=\/wp\/v2\/users\/1"}],"replies":[{"embeddable":true,"href":"https:\/\/karadagbinbirkilise.com\/index.php?rest_route=%2Fwp%2Fv2%2Fcomments&post=205"}],"version-history":[{"count":4,"href":"https:\/\/karadagbinbirkilise.com\/index.php?rest_route=\/wp\/v2\/pages\/205\/revisions"}],"predecessor-version":[{"id":257,"href":"https:\/\/karadagbinbirkilise.com\/index.php?rest_route=\/wp\/v2\/pages\/205\/revisions\/257"}],"up":[{"embeddable":true,"href":"https:\/\/karadagbinbirkilise.com\/index.php?rest_route=\/wp\/v2\/pages\/12"}],"wp:attachment":[{"href":"https:\/\/karadagbinbirkilise.com\/index.php?rest_route=%2Fwp%2Fv2%2Fmedia&parent=205"}],"curies":[{"name":"wp","href":"https:\/\/api.w.org\/{rel}","templated":true}]}}