{"id":25,"date":"2023-11-01T19:15:33","date_gmt":"2023-11-01T19:15:33","guid":{"rendered":"http:\/\/karadagbinbirkilise.com\/?page_id=25"},"modified":"2024-09-15T16:21:14","modified_gmt":"2024-09-15T16:21:14","slug":"haberler","status":"publish","type":"page","link":"https:\/\/karadagbinbirkilise.com\/?page_id=25","title":{"rendered":"Haberler"},"content":{"rendered":"<ul>\n<li><a href=\"https:\/\/www.aa.com.tr\/tr\/kultur\/karamanda-binbir-kilise-olarak-bilinen-alanda-dini-yapilar-bulundu\/3200683\">Karaman&#8217;da &#8220;Binbir Kilise&#8221; Olarak Bilinen Alanda Dini Yap\u0131lar Bulundu<\/a><\/li>\n<li><a href=\"https:\/\/www.arkeolojikhaber.com\/haber-binbir-kilisede-yikik-bir-kilisenin-taslarinda-arapca-allah-yazili-4-tas-bulundu-39202\/\">BinbirKilise&#8217;de Y\u0131k\u0131k Bir Kilisenin Ta\u015flar\u0131nda Arap\u00e7a Allah Yaz\u0131l\u0131 4 Ta\u015f Bulundu<\/a><\/li>\n<li><a href=\"https:\/\/www.karamandan.com\/haber\/20273728\/karamanda-tarihi-kilisenin-yikintilari-arasinda-tespit-edildi-erken-islam-donemine-ait-bir-iz-olabilir\">Karaman&#8217;da Tarihi Kilisenin Y\u0131k\u0131nt\u0131lar\u0131 Aras\u0131nda Tespit Edildi! Erken \u0130slam D\u00f6nemine Ait Bir \u0130z Olabilir&#8230;<\/a><\/li>\n<\/ul>\n","protected":false},"excerpt":{"rendered":"<p>Karaman&#8217;da &#8220;Binbir Kilise&#8221; Olarak Bilinen Alanda Dini Yap\u0131lar Bulundu BinbirKilise&#8217;de Y\u0131k\u0131k Bir Kilisenin Ta\u015flar\u0131nda Arap\u00e7a Allah Yaz\u0131l\u0131 4 Ta\u015f Bulundu Karaman&#8217;da Tarihi Kilisenin Y\u0131k\u0131nt\u0131lar\u0131 Aras\u0131nda Tespit Edildi! Erken \u0130slam D\u00f6nemine Ait Bir \u0130z Olabilir&#8230;<\/p>\n","protected":false},"author":1,"featured_media":0,"parent":0,"menu_order":0,"comment_status":"closed","ping_status":"closed","template":"","meta":{"footnotes":""},"class_list":["post-25","page","type-page","status-publish","hentry"],"jetpack_sharing_enabled":true,"_links":{"self":[{"href":"https:\/\/karadagbinbirkilise.com\/index.php?rest_route=\/wp\/v2\/pages\/25"}],"collection":[{"href":"https:\/\/karadagbinbirkilise.com\/index.php?rest_route=\/wp\/v2\/pages"}],"about":[{"href":"https:\/\/karadagbinbirkilise.com\/index.php?rest_route=\/wp\/v2\/types\/page"}],"author":[{"embeddable":true,"href":"https:\/\/karadagbinbirkilise.com\/index.php?rest_route=\/wp\/v2\/users\/1"}],"replies":[{"embeddable":true,"href":"https:\/\/karadagbinbirkilise.com\/index.php?rest_route=%2Fwp%2Fv2%2Fcomments&post=25"}],"version-history":[{"count":5,"href":"https:\/\/karadagbinbirkilise.com\/index.php?rest_route=\/wp\/v2\/pages\/25\/revisions"}],"predecessor-version":[{"id":261,"href":"https:\/\/karadagbinbirkilise.com\/index.php?rest_route=\/wp\/v2\/pages\/25\/revisions\/261"}],"wp:attachment":[{"href":"https:\/\/karadagbinbirkilise.com\/index.php?rest_route=%2Fwp%2Fv2%2Fmedia&parent=25"}],"curies":[{"name":"wp","href":"https:\/\/api.w.org\/{rel}","templated":true}]}}